{"id":4135,"date":"2023-10-22T14:35:24","date_gmt":"2023-10-22T12:35:24","guid":{"rendered":"https:\/\/luxtravel.hr\/?page_id=4135"},"modified":"2023-10-22T14:40:36","modified_gmt":"2023-10-22T12:40:36","slug":"pravila-privatnosti","status":"publish","type":"page","link":"https:\/\/luxtravel.hr\/index.php\/pravila-privatnosti\/","title":{"rendered":"Pravila privatnosti"},"content":{"rendered":"\t\t<div data-elementor-type=\"wp-page\" data-elementor-id=\"4135\" class=\"elementor elementor-4135\">\n\t\t\t\t\t\t\t\t\t<section class=\"elementor-section elementor-top-section elementor-element elementor-element-3f22cfb0 elementor-section-boxed elementor-section-height-default elementor-section-height-default qodef-elementor-content-no\" data-id=\"3f22cfb0\" data-element_type=\"section\">\n\t\t\t\t\t\t<div class=\"elementor-container elementor-column-gap-default\">\n\t\t\t\t\t<div class=\"elementor-column elementor-col-100 elementor-top-column elementor-element elementor-element-7369f9e8\" data-id=\"7369f9e8\" data-element_type=\"column\">\n\t\t\t<div class=\"elementor-widget-wrap elementor-element-populated\">\n\t\t\t\t\t\t\t\t<div class=\"elementor-element elementor-element-63e8e9fe elementor-widget elementor-widget-text-editor\" data-id=\"63e8e9fe\" data-element_type=\"widget\" data-widget_type=\"text-editor.default\">\n\t\t\t\t<div class=\"elementor-widget-container\">\n\t\t\t<style>\/*! elementor - v3.11.1 - 15-02-2023 *\/\n.elementor-widget-text-editor.elementor-drop-cap-view-stacked .elementor-drop-cap{background-color:#818a91;color:#fff}.elementor-widget-text-editor.elementor-drop-cap-view-framed .elementor-drop-cap{color:#818a91;border:3px solid;background-color:transparent}.elementor-widget-text-editor:not(.elementor-drop-cap-view-default) .elementor-drop-cap{margin-top:8px}.elementor-widget-text-editor:not(.elementor-drop-cap-view-default) .elementor-drop-cap-letter{width:1em;height:1em}.elementor-widget-text-editor .elementor-drop-cap{float:left;text-align:center;line-height:1;font-size:50px}.elementor-widget-text-editor .elementor-drop-cap-letter{display:inline-block}<\/style>\t\t\t\t<p><strong><u>IZJAVA O ZA\u0160TITI I PRIKUPLJANJU OSOBNIH PODATAKA\u00a0TE NJIHOVOM KORI\u0160TENJU<\/u><\/strong><\/p><p>Ova izjava opisuje kako LUX TRAVEL sa sjedi\u0161tem u Zagrebu, Milana Re\u0161etara 8, postupa s va\u0161im osobnim podacima u tijekom kori\u0161tenja web web stranice \u2018<a href=\"https:\/\/luxtravel.hr\/\">luxtravel.hr<\/a>\u2019 (dalje u ovoj izjavi: Web stranica).<\/p><p><strong>Koje podatke prikupljamo tijekom posjete Web stranici?<\/strong><\/p><p>Lux Travel \u017eeli Vama kao korisniku pru\u017eiti \u0161to kvalitetnije iskustvo prilikom kori\u0161tenja Web stranice. Kako bismo to postigli, koristimo vlastite i standardne kola\u010di\u0107e tre\u0107ih strana radi prikupljanja podataka o va\u0161em online pona\u0161anju prilikom kori\u0161tenja Web stranice. Podaci koje prikupljamo su anonimni i ne sadr\u017ee identifikacijske podatke o pojedincu, osim u slu\u010daju dostavljanja va\u0161ih podataka ispunjavanjem obrasca za informativnu ponudu.<\/p><p><strong>Kakve kola\u010di\u0107e koristimo i kako oni funkcioniraju?<\/strong><\/p><p>Za prikupljanje va\u0161ih osobnih podataka kao korisnika Web stranice ne koristimo nametljive kola\u010di\u0107e. Koristimo standardne kola\u010di\u0107e tre\u0107ih strana, kao \u0161to je Google Analytics, a kako bismo pratili va\u0161e online pona\u0161anje i dobili statisti\u010dke podatke. Navedeno \u010dinimo na sljede\u0107i na\u010din:<\/p><p>Pratimo broj posjeta Web stranici, porijeklo svakog posjetitelja (tj. internetsku stranicu koju ste posjetili prije na\u0161e stranice) i kamo pojedini posjetitelj odlazi nakon kori\u0161tenja Web stranice (tj. internetsku stranicu koju posje\u0107ujete nakon odlaska s Web stranice).<\/p><p>Kola\u010di\u0107 se pohranjuje na va\u0161em ure\u0111aju na razdoblje ne du\u017ee od dvije (2) godine i povezan je s va\u0161om IP adresom. Kola\u010di\u0107i su male tekstualne datoteke (text files) koje va\u0161 pretra\u017eiva\u010d pohranjuje na va\u0161em ure\u0111aju. Oni nam omogu\u0107uju da saznamo vra\u0107ate li se na Web stranicu.<\/p><p><strong>Kako mo\u017eete upravljati kola\u010di\u0107ima?<\/strong><\/p><p>Ako niste prilagodili postavke pretra\u017eiva\u010da na na\u010din da odbije kola\u010di\u0107e, na\u0161i \u0107e sustavi izdavati kola\u010di\u0107e svaki put kada pristupite Web stranici. Mo\u017eete podesiti va\u0161 pretra\u017eiva\u010d da odbija kola\u010di\u0107e aktiviranjem postavke u va\u0161em pretra\u017eiva\u010du koji vam dopu\u0161ta odbijanje i pohranjivanje kola\u010di\u0107a. Na taj na\u010din \u0107ete ukloniti sve pojedinosti iz kola\u010di\u0107a. Me\u0111utim, napominjemo, odbijanje kola\u010di\u0107a mo\u017ee utjecati na va\u0161e korisni\u010dko iskustvo na Web stranici i onemogu\u0107iti kori\u0161tenje odre\u0111enih funkcija i usluga koje nudimo.<\/p><p><strong>Kola\u010di\u0107i tre\u0107ih strana<\/strong><\/p><p>Prilikom kori\u0161tenja Web stranice mo\u017eete pristupiti i sadr\u017eajima tre\u0107ih strana kao \u0161to su, primjerice, karte s prikazom Lux Travel lokacija koje osigurava Google putem usluge Google karte (Google Maps). Tako\u0111er, na Web stranici su istaknute i druge poveznice (linkovi) kojima mo\u017eete pristupiti putem Web stranice. Ovaj i sli\u010dni sadr\u017eaj je dodan kako bismo vam omogu\u0107ili pravovremeni pristup pa\u017eljivo odabranim informacijama koje bi vam mogle biti va\u017ene ili zanimljive, me\u0111utim u tom slu\u010daju tre\u0107e strane pru\u017eatelji usluga mogu pohranjivati dodatne kola\u010di\u0107e na va\u0161em ure\u0111aju na \u0161to Lux Travel nema nikakav utjecaj i ne preuzima nikakvu odgovornost. Stoga, predla\u017eemo, provjerite pojavljuju li se kola\u010di\u0107i na internetskim stranicama navedenih tre\u0107ih strana te provjerite njihove Uvjete o za\u0161titi podataka iz kojih mo\u017eete dobiti dodatne informacije o njihovim kola\u010di\u0107ima i o tome kako ih koristiti.<\/p><p><strong>Kola\u010di\u0107i koje koristimo na Web stranici<\/strong><\/p><p>U nastavku su primjeri kola\u010di\u0107a koje koristimo uklju\u010duju\u0107i pojedinosti o njihovoj svrsi i druge informacije koje vam mogu biti korisne.<\/p><p>Google Analytics<\/p><ul><li>\u00a0Vrsta: tre\u0107a strana iz tvrtke Google Inc.<\/li><li>\u00a0Svrha: Google Analytics postavlja kola\u010di\u0107e kako bi nam omogu\u0107io pra\u0107enje kori\u0161tenja stranica i usluga na Web stranici.<\/li><li>\u00a0Koji podaci se zadr\u017eavaju: Trajanje posjeta, prikazi stranica, lokacija, operativni sustav, preglednik, put ulaza, broj posjeta.<\/li><li>\u00a0Poveznica s osobnim podacima? Ne<\/li><li>\u00a0Vrsta kola\u010di\u0107a? Trajno<\/li><li>\u00a0Kola\u010di\u0107i tre\u0107e strane? Da, Google Inc.<\/li><li>\u00a0Pravila tre\u0107ih strana pro\u010ditajte\u00a0<u><a href=\"https:\/\/policies.google.com\/privacy?hl=hr&amp;gl=hr\">ovdje<\/a><\/u>.<\/li><\/ul><p><strong>Koje osobne podatke prikupljamo tijekom online zahtjeva za ponudu?<\/strong><\/p><p>Pod osobnim podacima smatraju se va\u0161i identifikacijski podaci. Podatke koje mo\u017eemo prikupljati putem prijavnih obrazaca su: ime i prezime, broj mobitela, e-mail adresa.<\/p><p>Sadr\u017eaj osobnih podataka prikupljenih putem prijavnih obrazaca na web stranici \u201cluxtravel.hr\u201d koristit \u0107e se isklju\u010divo u svrhu obrade zahtjeva. Navedeni osobni podaci koji se prikupljaju putem prijavnih obrasca \u0107e se \u010duvati u digitalnim bazama podataka Lux Travel.<\/p><p><strong>Kako i na koji na\u010din \u010duvamo va\u0161e osobne podatke?<\/strong><\/p><p>Lux Travel obvezuje se va\u0161e osobne podatke \u010duvati u tajnosti te ih ne\u0107e davati tre\u0107im stranama na kori\u0161tenje, ne\u0107e ih distribuirati, objavljivati, dijeliti, prodavati niti ih na bilo koji drugi na\u010din u\u010diniti dostupnima bilo kojoj tre\u0107oj osobi bez va\u0161e prethodne suglasnosti osim u slu\u010dajevima obrade podataka koje za Lux Travel obavljaju vanjski suradnici, druga pravna ili fizi\u010dka osoba koja radi na realizaciji ponude ili zaposlenici Lux Travel koji provode ponudu.<\/p>\t\t\t\t\t\t<\/div>\n\t\t\t\t<\/div>\n\t\t\t\t\t<\/div>\n\t\t<\/div>\n\t\t\t\t\t\t\t<\/div>\n\t\t<\/section>\n\t\t\t\t\t\t\t<\/div>\n\t\t","protected":false},"excerpt":{"rendered":"<p>IZJAVA O ZA\u0160TITI I PRIKUPLJANJU OSOBNIH PODATAKA\u00a0TE NJIHOVOM KORI\u0160TENJU Ova izjava opisuje kako LUX TRAVEL sa sjedi\u0161tem u Zagrebu, Milana Re\u0161etara 8, postupa s va\u0161im osobnim podacima u tijekom kori\u0161tenja web web stranice \u2018luxtravel.hr\u2019 (dalje u ovoj izjavi: Web stranica). Koje podatke prikupljamo tijekom posjete Web stranici? Lux Travel \u017eeli Vama kao korisniku pru\u017eiti \u0161to [&hellip;]<\/p>\n","protected":false},"author":1,"featured_media":0,"parent":0,"menu_order":0,"comment_status":"closed","ping_status":"closed","template":"","meta":[],"_links":{"self":[{"href":"https:\/\/luxtravel.hr\/index.php\/wp-json\/wp\/v2\/pages\/4135"}],"collection":[{"href":"https:\/\/luxtravel.hr\/index.php\/wp-json\/wp\/v2\/pages"}],"about":[{"href":"https:\/\/luxtravel.hr\/index.php\/wp-json\/wp\/v2\/types\/page"}],"author":[{"embeddable":true,"href":"https:\/\/luxtravel.hr\/index.php\/wp-json\/wp\/v2\/users\/1"}],"replies":[{"embeddable":true,"href":"https:\/\/luxtravel.hr\/index.php\/wp-json\/wp\/v2\/comments?post=4135"}],"version-history":[{"count":5,"href":"https:\/\/luxtravel.hr\/index.php\/wp-json\/wp\/v2\/pages\/4135\/revisions"}],"predecessor-version":[{"id":4157,"href":"https:\/\/luxtravel.hr\/index.php\/wp-json\/wp\/v2\/pages\/4135\/revisions\/4157"}],"wp:attachment":[{"href":"https:\/\/luxtravel.hr\/index.php\/wp-json\/wp\/v2\/media?parent=4135"}],"curies":[{"name":"wp","href":"https:\/\/api.w.org\/{rel}","templated":true}]}}